{"id":108,"date":"2019-02-08T01:17:55","date_gmt":"2019-02-08T01:17:55","guid":{"rendered":"https:\/\/maxefetivehair.com.br\/shop\/produto\/tonico-copy\/"},"modified":"2026-04-12T01:17:16","modified_gmt":"2026-04-12T01:17:16","slug":"suplemento","status":"publish","type":"product","link":"https:\/\/maxefetivehair.com.br\/shop\/produto\/suplemento\/","title":{"rendered":"Suplemento de M\u00e1xima Nutri\u00e7\u00e3o Capilar"},"content":{"rendered":"<p>&nbsp;<\/p>\n<p>Suplemento Max Hair Renasce Fios &#8211; 90 c\u00e1psulas de 500 mg Strattus<\/p>\n<p>Registro ANVISA: conf. RDC 27\/2010 &#8211; COD CAT. 4300038 &#8211; ANVISA<\/p>\n<p>Ingredientes: Vitamina A &#8211; Retinol, Vitamina B1 &#8211; Tiamina, Vitamina B6 &#8211; Piridoxina, Biotina, Zinco Quelado, Sel\u00eanio Quelado, Vitamina E, Corn Starch, Di\u00f3xido de Sil\u00edco Coloidal, Glicina, Valina, Lisina, Alanina, Ciste\u00edna Serina, Metionina, Triptofano, Glutamina, \u00c0cido Glut\u00e2mico e \u00c0cido Asp\u00e1rtico.<br \/>\nSugest\u00e3o de Consumo: Ingerir 3 capsulas ao dia, de prefer\u00eancia ap\u00f3s uma das refei\u00e7\u00f5es.<\/p>\n<p>O Suplemento Vitam\u00ednico Mineral Max Efetive Hair \u00e9 um produto desenvolvido para atuar diretamente no engrossamento, crescimento e fortalecimento capilar. Atrav\u00e9s de seus nutrientes e composi\u00e7\u00e3o rica em vitaminas, o Suplemento Vitam\u00ednico Mineral Max Efetive Hair age diretamente na raiz, fazendo que a raiz capilar cres\u00e7a novamente, corrigindo falhas e entradas.<\/p>\n<p>O Suplemento Vitam\u00ednico Mineral Max Efetive Hair age fortemente tamb\u00e9m junto com o T\u00f4nico Max Efetive Hair Tratamento para Calv\u00edcie, com os mesmos unidos o Suplemento Vitam\u00ednico Mineral Max Efetive Hair engrossa os fios que o T\u00f4nico fez crescer. Assim voc\u00ea tem a total satisfa\u00e7\u00e3o no resultando tendo fios grossos e muito mais resistentes.<\/p>\n<p>O Suplemento Vitam\u00ednico Mineral Max Efetive Hair tamb\u00e9m pode ser usado para evitar a caspa e hidratar, isso \u00e9 proporcionado devido a presen\u00e7a da Vitamina A que que \u00e9 um nutriente com importante a\u00e7\u00e3o nas c\u00e9lulas capilares, promovendo maior hidrata\u00e7\u00e3o, redu\u00e7\u00e3o das pontas duplas e crescimento adequado, evitando o crescimento reduzido, aspecto opaco e queda excessiva dos fios est\u00e1 relacionada ao consumo insuficiente de vitamina A.<\/p>\n<p>E mais, O Suplemento Vitam\u00ednico Mineral Max Efetive Hair ajuda a fortalecer os fol\u00edculos de cabelo e as suas c\u00e9lulas, permitindo funcionar adequadamente. Al\u00e9m disso, o Suplemento Vitam\u00ednico Mineral Max Efetive Hair tamb\u00e9m ajuda o couro cabeludo a se livrar da pele morta, abrindo caminho para um novo crescimento ocorrer.<\/p>\n<p>O Suplemento Vitam\u00ednico Mineral Max Efetive Hair ajuda o corpo a retardar o envelhecimento da pele, al\u00e9m de prevenir doen\u00e7as que chegam com a idade. O Suplemento Vitam\u00ednico Mineral Max Efetive Hair \u00e9 tamb\u00e9m, um importante produtor de col\u00e1geno, prote\u00edna respons\u00e1vel por garantir elasticidade, vigor e sa\u00fade para seus cabelos.<\/p>\n<p>Ficha t\u00e9cnica<br \/>\n&#8211; sabor: Neutro<br \/>\n&#8211; T\u00edtulo manual: Suplemento Max Hair Renasce Fios Trat Calvicie &#8211; 90 Capsulas<br \/>\n&#8211; apresentacao: Pote<br \/>\n&#8211; tamanho: pequeno<\/p>\n<p>&nbsp;<\/p>\n","protected":false},"excerpt":{"rendered":"<p>Suplemento Max Hair Renasce Fios &#8211; 90 c\u00e1psulas de 500 mg Strattus<\/p>\n<p>Registro ANVISA: conf. RDC 27\/2010 &#8211; COD CAT. 4300038 &#8211; ANVISA<\/p>\n<p>Ingredientes: Vitamina A &#8211; Retinol, Vitamina B1 &#8211; Tiamina, Vitamina B6 &#8211; Piridoxina, Biotina, Zinco Quelado, Sel\u00eanio Quelado, Vitamina E, Corn Starch, Di\u00f3xido de Sil\u00edco Coloidal, Glicina, Valina, Lisina, Alanina, Ciste\u00edna Serina, Metionina, Triptofano, Glutamina, \u00c0cido Glut\u00e2mico e \u00c0cido Asp\u00e1rtico.<br \/>\nSugest\u00e3o de Consumo: Ingerir 3 capsulas ao dia, de prefer\u00eancia ap\u00f3s uma das refei\u00e7\u00f5es.<\/p>\n<p>O Suplemento Vitam\u00ednico Mineral Max Efetive Hair \u00e9 um produto desenvolvido para atuar diretamente no engrossamento, crescimento e fortalecimento capilar. Atrav\u00e9s de seus nutrientes e composi\u00e7\u00e3o rica em vitaminas, o Suplemento Vitam\u00ednico Mineral Max Efetive Hair age diretamente na raiz, fazendo que a raiz capilar cres\u00e7a novamente, corrigindo falhas e entradas.<\/p>\n<p>O Suplemento Vitam\u00ednico Mineral Max Efetive Hair age fortemente tamb\u00e9m junto com o T\u00f4nico Max Efetive Hair Tratamento para Calv\u00edcie, com os mesmos unidos o Suplemento Vitam\u00ednico Mineral Max Efetive Hair engrossa os fios que o T\u00f4nico fez crescer. Assim voc\u00ea tem a total satisfa\u00e7\u00e3o no resultando tendo fios grossos e muito mais resistentes.<\/p>\n<p>O Suplemento Vitam\u00ednico Mineral Max Efetive Hair tamb\u00e9m pode ser usado para evitar a caspa e hidratar, isso \u00e9 proporcionado devido a presen\u00e7a da Vitamina A que que \u00e9 um nutriente com importante a\u00e7\u00e3o nas c\u00e9lulas capilares, promovendo maior hidrata\u00e7\u00e3o, redu\u00e7\u00e3o das pontas duplas e crescimento adequado, evitando o crescimento reduzido, aspecto opaco e queda excessiva dos fios est\u00e1 relacionada ao consumo insuficiente de vitamina A.<\/p>\n<p>E mais, O Suplemento Vitam\u00ednico Mineral Max Efetive Hair ajuda a fortalecer os fol\u00edculos de cabelo e as suas c\u00e9lulas, permitindo funcionar adequadamente. Al\u00e9m disso, o Suplemento Vitam\u00ednico Mineral Max Efetive Hair tamb\u00e9m ajuda o couro cabeludo a se livrar da pele morta, abrindo caminho para um novo crescimento ocorrer.<\/p>\n<p>O Suplemento Vitam\u00ednico Mineral Max Efetive Hair ajuda o corpo a retardar o envelhecimento da pele, al\u00e9m de prevenir doen\u00e7as que chegam com a idade. O Suplemento Vitam\u00ednico Mineral Max Efetive Hair \u00e9 tamb\u00e9m, um importante produtor de col\u00e1geno, prote\u00edna respons\u00e1vel por garantir elasticidade, vigor e sa\u00fade para seus cabelos.<\/p>\n<p>Ficha t\u00e9cnica<br \/>\n&#8211; sabor: Neutro<br \/>\n&#8211; T\u00edtulo manual: Suplemento Max Hair Renasce Fios Trat Calvicie &#8211; 90 Capsulas<br \/>\n&#8211; apresentacao: Pote<br \/>\n&#8211; tamanho: pequeno<\/p>\n","protected":false},"featured_media":115,"comment_status":"open","ping_status":"closed","template":"","meta":{"_et_pb_use_builder":"","_et_pb_old_content":"","_et_gb_content_width":""},"product_brand":[],"product_cat":[16,17],"product_tag":[61,60,54,58,41,42,45,72,25,73,48,30,29,24,40,53,47,71,46,28,55,44,69,62,34,52,59,36,67,26,31,51,74,27,70,64,57,49,50,35,66,43,65,32,33,63,38,56,68,37,39],"class_list":{"0":"post-108","1":"product","2":"type-product","3":"status-publish","4":"has-post-thumbnail","6":"product_cat-maxefetivehair","7":"product_cat-em-destaque","8":"product_tag-alopecia","9":"product_tag-androgenetica","10":"product_tag-avanco","11":"product_tag-barba","12":"product_tag-barbearia","13":"product_tag-barbeiro","14":"product_tag-beleza","15":"product_tag-cabeleireira","16":"product_tag-cabelo","17":"product_tag-cabelos","18":"product_tag-cabeludo","19":"product_tag-calvicie","20":"product_tag-calvo","21":"product_tag-careca","22":"product_tag-cosmetico","23":"product_tag-cosmeticos","24":"product_tag-couro","25":"product_tag-crescimento","26":"product_tag-dermatologista","27":"product_tag-efetive","28":"product_tag-eficacia","29":"product_tag-estetica","30":"product_tag-estimulante","31":"product_tag-extensa","32":"product_tag-extratos","33":"product_tag-extratus","34":"product_tag-falha","35":"product_tag-fios","36":"product_tag-foliculo","37":"product_tag-hair","38":"product_tag-homem","39":"product_tag-implante","40":"product_tag-madeixas","41":"product_tag-max","42":"product_tag-nascer","43":"product_tag-nutricao","44":"product_tag-pelo","45":"product_tag-peruca","46":"product_tag-protese-capilar","47":"product_tag-queda","48":"product_tag-revigorante","49":"product_tag-saloes","50":"product_tag-shampoo-max","51":"product_tag-strattus","52":"product_tag-stratus","53":"product_tag-suplemento","54":"product_tag-tecnologia","55":"product_tag-testado-dermatologicamente","56":"product_tag-tonico","57":"product_tag-tratamento","58":"product_tag-tricologia","60":"first","61":"instock","62":"featured","63":"shipping-taxable","64":"purchasable","65":"product-type-simple"},"_links":{"self":[{"href":"https:\/\/maxefetivehair.com.br\/shop\/wp-json\/wp\/v2\/product\/108","targetHints":{"allow":["GET"]}}],"collection":[{"href":"https:\/\/maxefetivehair.com.br\/shop\/wp-json\/wp\/v2\/product"}],"about":[{"href":"https:\/\/maxefetivehair.com.br\/shop\/wp-json\/wp\/v2\/types\/product"}],"replies":[{"embeddable":true,"href":"https:\/\/maxefetivehair.com.br\/shop\/wp-json\/wp\/v2\/comments?post=108"}],"wp:featuredmedia":[{"embeddable":true,"href":"https:\/\/maxefetivehair.com.br\/shop\/wp-json\/wp\/v2\/media\/115"}],"wp:attachment":[{"href":"https:\/\/maxefetivehair.com.br\/shop\/wp-json\/wp\/v2\/media?parent=108"}],"wp:term":[{"taxonomy":"product_brand","embeddable":true,"href":"https:\/\/maxefetivehair.com.br\/shop\/wp-json\/wp\/v2\/product_brand?post=108"},{"taxonomy":"product_cat","embeddable":true,"href":"https:\/\/maxefetivehair.com.br\/shop\/wp-json\/wp\/v2\/product_cat?post=108"},{"taxonomy":"product_tag","embeddable":true,"href":"https:\/\/maxefetivehair.com.br\/shop\/wp-json\/wp\/v2\/product_tag?post=108"}],"curies":[{"name":"wp","href":"https:\/\/api.w.org\/{rel}","templated":true}]}}