{"id":94,"date":"2019-02-07T23:46:35","date_gmt":"2019-02-07T23:46:35","guid":{"rendered":"https:\/\/maxefetivehair.com.br\/shop\/?post_type=product&#038;p=94"},"modified":"2026-04-17T13:26:25","modified_gmt":"2026-04-17T13:26:25","slug":"kit-max-effetive-hair-completo","status":"publish","type":"product","link":"https:\/\/maxefetivehair.com.br\/shop\/produto\/kit-max-effetive-hair-completo\/","title":{"rendered":"Kit Max Effetive Hair Completo"},"content":{"rendered":"<p>&nbsp;<\/p>\n<p><strong>Inclui:<\/strong><br \/>\nT\u00f4nico Revigorante e Potencializante \u2013 50 ml<br \/>\nShampoo Max Efetive Hair \u2013 250 ml<br \/>\nSuplemento &#8211; 90 c\u00e1psulas<\/p>\n<p>Reativa o fol\u00edculo capilar, acelera o crescimento dos fios e minimiza a queda.<\/p>\n<p>O T\u00f4nico revigorante e potencializante Max Hair Cabelos E Barbas foi desenvolvido com uma tecnologia de \u00faltima gera\u00e7\u00e3o para estimular o nascimento do fio, desde que ainda exista o fol\u00edculo capilar.<\/p>\n<p>O produto tem a fun\u00e7\u00e3o de reativar o bulbo capilar, acelerando o crescimento dos fios e minimizando significativamente a queda dos cabelos, al\u00e9m de estimular o crescimento de novos fios. Com eficacia comprovada de cada ativo, vale a pena conferir.<\/p>\n<p>Ativos vindos da Espanha formam ingredientes com elevado potencial para fazer nascer os fios novamente e reativar os fol\u00edculo capilar que est\u00e1 adormecido.<\/p>\n<p>Especifica\u00e7\u00f5es:<br \/>\nMarca: Max Efetive Hair<br \/>\nQuantidade: 50 Ml<br \/>\nRegulamenta\u00e7\u00e3o Anvisa: Processo n\u00b0 25351.445369\/2017-32<\/p>\n<p>Modo de usar:<br \/>\nLavar o couro cabeludo ou retirar toda oleosidade, em seguida esborrifar o Max Hair &#8211; Cabelos e Barbas, com a ponta do dedo indicador, fazer movimentos circulares no couro cabeludo para que haja uma melhor absor\u00e7\u00e3o. Aplicar de 12 em 12 horas deixando agir, sem retirar o produto.<\/p>\n<p>&nbsp;<\/p>\n<p>Recomenda\u00e7\u00f5es:<br \/>\nMantenha fora do alcance de crian\u00e7as. Manter em temperatura ambiente, ao abrigo do sol e calor. Em caso de contato acidental com os olhos, enxaguar abundantemente. N\u00e3o aplicar se o couro cabeludo estiver irritado ou lesionado. Havendo irrita\u00e7\u00e3o, suspender o uso e procurar um m\u00e9dico.<\/p>\n<p>&nbsp;<\/p>\n","protected":false},"excerpt":{"rendered":"<p>Reativa o fol\u00edculo capilar, acelera o crescimento dos fios e minimiza a queda.<\/p>\n<p>O T\u00f4nico revigorante e potencializante Max Hair Cabelos E Barbas foi desenvolvido com uma tecnologia de \u00faltima gera\u00e7\u00e3o para estimular o nascimento do fio, desde que ainda exista o fol\u00edculo capilar.<\/p>\n<p>O produto tem a fun\u00e7\u00e3o de reativar o bulbo capilar, acelerando o crescimento dos fios e minimizando significativamente a queda dos cabelos, al\u00e9m de estimular o crescimento de novos fios. Com eficacia comprovada de cada ativo, vale a pena conferir.<\/p>\n<p>Ativos vindos da Espanha formam ingredientes com elevado potencial para fazer nascer os fios novamente e reativar os fol\u00edculo capilar que est\u00e1 adormecido.<\/p>\n<p>Especifica\u00e7\u00f5es:<br \/>\nMarca: Max Efetive Hair<br \/>\nQuantidade: 50 Ml<br \/>\nRegulamenta\u00e7\u00e3o Anvisa: Processo n\u00b0 25351.445369\/2017-32<\/p>\n<p>Modo de usar:<br \/>\nLavar o couro cabeludo ou retirar toda oleosidade, em seguida esborrifar o Max Hair &#8211; Cabelos e Barbas, com a ponta do dedo indicador, fazer movimentos circulares no couro cabeludo para que haja uma melhor absor\u00e7\u00e3o. Aplicar de 12 em 12 horas deixando agir, sem retirar o produto.<\/p>\n<p>&nbsp;<\/p>\n<p>Recomenda\u00e7\u00f5es:<br \/>\nMantenha fora do alcance de crian\u00e7as. Manter em temperatura ambiente, ao abrigo do sol e calor. Em caso de contato acidental com os olhos, enxaguar abundantemente. N\u00e3o aplicar se o couro cabeludo estiver irritado ou lesionado. Havendo irrita\u00e7\u00e3o, suspender o uso e procurar um m\u00e9dico.<\/p>\n","protected":false},"featured_media":97,"comment_status":"open","ping_status":"closed","template":"","meta":{"_et_pb_use_builder":"","_et_pb_old_content":"","_et_gb_content_width":""},"product_brand":[],"product_cat":[16,17],"product_tag":[61,60,54,58,41,42,45,72,25,73,48,30,29,24,40,53,47,71,46,28,55,44,69,62,34,52,59,36,67,26,31,51,74,27,70,64,57,49,50,35,66,43,65,32,33,63,38,56,68,37,39],"class_list":{"0":"post-94","1":"product","2":"type-product","3":"status-publish","4":"has-post-thumbnail","6":"product_cat-maxefetivehair","7":"product_cat-em-destaque","8":"product_tag-alopecia","9":"product_tag-androgenetica","10":"product_tag-avanco","11":"product_tag-barba","12":"product_tag-barbearia","13":"product_tag-barbeiro","14":"product_tag-beleza","15":"product_tag-cabeleireira","16":"product_tag-cabelo","17":"product_tag-cabelos","18":"product_tag-cabeludo","19":"product_tag-calvicie","20":"product_tag-calvo","21":"product_tag-careca","22":"product_tag-cosmetico","23":"product_tag-cosmeticos","24":"product_tag-couro","25":"product_tag-crescimento","26":"product_tag-dermatologista","27":"product_tag-efetive","28":"product_tag-eficacia","29":"product_tag-estetica","30":"product_tag-estimulante","31":"product_tag-extensa","32":"product_tag-extratos","33":"product_tag-extratus","34":"product_tag-falha","35":"product_tag-fios","36":"product_tag-foliculo","37":"product_tag-hair","38":"product_tag-homem","39":"product_tag-implante","40":"product_tag-madeixas","41":"product_tag-max","42":"product_tag-nascer","43":"product_tag-nutricao","44":"product_tag-pelo","45":"product_tag-peruca","46":"product_tag-protese-capilar","47":"product_tag-queda","48":"product_tag-revigorante","49":"product_tag-saloes","50":"product_tag-shampoo-max","51":"product_tag-strattus","52":"product_tag-stratus","53":"product_tag-suplemento","54":"product_tag-tecnologia","55":"product_tag-testado-dermatologicamente","56":"product_tag-tonico","57":"product_tag-tratamento","58":"product_tag-tricologia","60":"first","61":"instock","62":"featured","63":"shipping-taxable","64":"purchasable","65":"product-type-simple"},"_links":{"self":[{"href":"https:\/\/maxefetivehair.com.br\/shop\/wp-json\/wp\/v2\/product\/94","targetHints":{"allow":["GET"]}}],"collection":[{"href":"https:\/\/maxefetivehair.com.br\/shop\/wp-json\/wp\/v2\/product"}],"about":[{"href":"https:\/\/maxefetivehair.com.br\/shop\/wp-json\/wp\/v2\/types\/product"}],"replies":[{"embeddable":true,"href":"https:\/\/maxefetivehair.com.br\/shop\/wp-json\/wp\/v2\/comments?post=94"}],"wp:featuredmedia":[{"embeddable":true,"href":"https:\/\/maxefetivehair.com.br\/shop\/wp-json\/wp\/v2\/media\/97"}],"wp:attachment":[{"href":"https:\/\/maxefetivehair.com.br\/shop\/wp-json\/wp\/v2\/media?parent=94"}],"wp:term":[{"taxonomy":"product_brand","embeddable":true,"href":"https:\/\/maxefetivehair.com.br\/shop\/wp-json\/wp\/v2\/product_brand?post=94"},{"taxonomy":"product_cat","embeddable":true,"href":"https:\/\/maxefetivehair.com.br\/shop\/wp-json\/wp\/v2\/product_cat?post=94"},{"taxonomy":"product_tag","embeddable":true,"href":"https:\/\/maxefetivehair.com.br\/shop\/wp-json\/wp\/v2\/product_tag?post=94"}],"curies":[{"name":"wp","href":"https:\/\/api.w.org\/{rel}","templated":true}]}}